{"id":1701,"date":"2024-04-11T17:53:27","date_gmt":"2024-04-11T20:53:27","guid":{"rendered":"https:\/\/expofica.com.br\/index.php\/politica-de-cookies-br\/"},"modified":"2026-03-20T08:32:41","modified_gmt":"2026-03-20T11:32:41","slug":"politica-de-cookies-br","status":"publish","type":"page","link":"https:\/\/expofica.com.br\/index.php\/politica-de-cookies-br\/","title":{"rendered":"Pol\u00edtica de Cookies (BR)"},"content":{"rendered":"\n<h1 class=\"wp-block-heading\">Pol\u00edtica de Privacidade do servi\u00e7o <strong>expofica.com.br<\/strong><\/h1>\n\n\n\n<p>Para receber informa\u00e7\u00f5es sobre os seus dados pessoais, os prop\u00f3sitos e as partes de informa\u00e7\u00e3o que s\u00e3o compartilhadas, entre em contato com o Propriet\u00e1rio.<\/p>\n\n\n\n<h2 class=\"wp-block-heading\" id=\"owner_of_the_data\">Propriet\u00e1rio e Controlador de Dados<\/h2>\n\n\n\n<h2 class=\"wp-block-heading\" id=\"types_of_data\">Tipos de Dados coletados<\/h2>\n\n\n\n<p>Uso de Dados e outros dados coletados<\/p>\n\n\n\n<p>Detalhes completos sobre cada tipo de Dados Pessoais coletados s\u00e3o fornecidos nas se\u00e7\u00f5es dedicadas desta pol\u00edtica de privacidade ou por textos explicativos espec\u00edficos exibidos antes da coleta de Dados.<br>Os Dados Pessoais poder\u00e3o ser fornecidos livremente pelo Usu\u00e1rio, ou, no caso dos Dados de Utiliza\u00e7\u00e3o, coletados automaticamente ao se utilizar este Aplicativo.<br>A menos que especificado diferentemente todos os Dados solicitados por este Aplicativo s\u00e3o obrigat\u00f3rios e a falta de fornecimento destes Dados poder\u00e1 impossibilitar este Aplicativo de fornecer os seus Servi\u00e7os. Nos casos em que este Aplicativo afirmar especificamente que alguns Dados n\u00e3o forem obrigat\u00f3rios, os Usu\u00e1rios ficam livres para deixarem de comunicar estes Dados sem nenhuma consequ\u00eancia para a disponibilidade ou o funcionamento do Servi\u00e7o.<br>Os Usu\u00e1rios que tiverem d\u00favidas a respeito de quais Dados Pessoais s\u00e3o obrigat\u00f3rios est\u00e3o convidados a entrar em contato com o Propriet\u00e1rio.<br>Quaisquer usos de cookies \u2013 ou de outras ferramentas de rastreamento \u2013 por este Aplicativo ou pelos propriet\u00e1rios de servi\u00e7os terceiros utilizados por este Aplicativo ser\u00e3o para a finalidade de fornecer os Servi\u00e7os solicitados pelo Usu\u00e1rio, al\u00e9m das demais finalidades descritas no presente documentoe na Pol\u00edtica de Cookies.<\/p>\n\n\n\n<p>Os Usu\u00e1rios ficam respons\u00e1veis por quaisquer Dados Pessoais de terceiros que forem obtidos, publicados ou compartilhados atrav\u00e9s deste Servi\u00e7o (este Aplicativo).<\/p>\n\n\n\n<h2 class=\"wp-block-heading\" id=\"place_of_processing\">Modo e local de processamento dos Dados<\/h2>\n\n\n\n<h3 class=\"wp-block-heading\">M\u00e9todo de processamento<\/h3>\n\n\n\n<p>O Propriet\u00e1rio tomar\u00e1 as medidas de seguran\u00e7a adequadas para impedir o acesso n\u00e3o autorizado, divulga\u00e7\u00e3o, altera\u00e7\u00e3o ou destrui\u00e7\u00e3o n\u00e3o autorizada dos Dados.<br>O processamento dos Dados \u00e9 realizado utilizando computadores e \/ou ferramentas de TI habilitadas, seguindo procedimentos organizacionais e meios estritamente relacionados com os fins indicados. Al\u00e9m do Propriet\u00e1rio, em alguns casos, os Dados podem ser acessados por certos tipos de pessoas encarregadas, envolvidas com a opera\u00e7\u00e3o deste Servi\u00e7o (este Aplicativo) (administra\u00e7\u00e3o, vendas, marketing, administra\u00e7\u00e3o legal do sistema) ou pessoas externas (como fornecedores terceirizados de servi\u00e7os t\u00e9cnicos, carteiros, provedores de hospedagem, empresas de TI, ag\u00eancias de comunica\u00e7\u00e3o) nomeadas, quando necess\u00e1rio, como Processadores de Dados por parte do Propriet\u00e1rio. A lista atualizada destas partes pode ser solicitada ao Propriet\u00e1rio a qualquer momento.<\/p>\n\n\n\n<h3 class=\"wp-block-heading\">Lugar<\/h3>\n\n\n\n<p>Os dados s\u00e3o processados \u200b\u200bnas sedes de opera\u00e7\u00e3o dos Propriet\u00e1rios, e em quaisquer outros lugares onde as partes envolvidas com o processamento estiverem localizadas.<br>Dependendo da localiza\u00e7\u00e3o do Usu\u00e1rio as transfer\u00eancias de dados poder\u00e3o envolver a transfer\u00eancia dos Dados do Usu\u00e1rio para outro pa\u00eds que n\u00e3o seja o seu. Para descobrirem mais sobre o local de processamento de tais Dados transferidos os Usu\u00e1rios poder\u00e3o verificar a se\u00e7\u00e3o contendo os detalhes sobre o processamento de Dados Pessoais.<\/p>\n\n\n\n<h3 class=\"wp-block-heading\">Per\u00edodo de conserva\u00e7\u00e3o<\/h3>\n\n\n\n<p>Salvo especifica\u00e7\u00e3o em contr\u00e1rio neste documento, os Dados Pessoais ser\u00e3o tratados e armazenados pelo tempo necess\u00e1rio para as finalidades para as quais foram coletados, e poder\u00e3o ser retidos por mais tempo em raz\u00e3o de qualquer obriga\u00e7\u00e3o legal aplic\u00e1vel ou com base no consentimento dos Usu\u00e1rios.<\/p>\n\n\n\n<h2 class=\"wp-block-heading\" id=\"cookie_policy\">Pol\u00edtica de Cookies<\/h2>\n\n\n\n<p>Este Aplicativo usa Rastreadores. Para saber mais, os Usu\u00e1rios poder\u00e3o consultar a <a href=\"\/\/www.iubenda.com\/private\/privacy-policy\/2911673\/cookie-policy?preview=true&amp;ifr=true&amp;height=533&amp;newmarkup=no&amp;an=no\">Pol\u00edtica de Cookies<\/a>.<\/p>\n\n\n\n<h2 class=\"wp-block-heading\" id=\"cookie_policy_further_information\">Informa\u00e7\u00f5es adicionais para usu\u00e1rios<\/h2>\n\n\n\n<h3 class=\"wp-block-heading\">Base jur\u00eddica para o processamento<\/h3>\n\n\n\n<p>O Propriet\u00e1rio poder\u00e1 processar os Dados Pessoais relacionados ao Usu\u00e1rio se uma das hip\u00f3teses a seguir se aplicar:<\/p>\n\n\n\n<ul class=\"wp-block-list\">\n<li>os Usu\u00e1rios tenham dado a sua anu\u00eancia para uma ou mais finalidades espec\u00edficas.<\/li>\n\n\n\n<li>o fornecimento dos Dados for necess\u00e1rio para o cumprimento de um contrato com o Usu\u00e1rio e\/ou quaisquer obriga\u00e7\u00f5es pr\u00e9-contratuais do mesmo;<\/li>\n\n\n\n<li>o processamento for necess\u00e1rio para o cumprimento de uma obriga\u00e7\u00e3o jur\u00eddica \u00e0 qual o Propriet\u00e1rio estiver sujeito;<\/li>\n\n\n\n<li>o processamento estiver relacionado a uma tarefa que for executada no interesse p\u00fablico ou no exerc\u00edcio de uma autoriza\u00e7\u00e3o oficial na qual o Propriet\u00e1rio estiver investido;<\/li>\n\n\n\n<li>o processamento for necess\u00e1rio para a finalidade de interesses leg\u00edtimos perseguidos pelo Propriet\u00e1rio ou por um terceiro;<\/li>\n<\/ul>\n\n\n\n<p>Em qualquer caso, o Propriet\u00e1rio colaborar\u00e1 de bom grado para esclarecer qual a base jur\u00eddica que se aplica ao processamento, e em especial se o fornecimento de Dados for um requisito obrigat\u00f3rio por for\u00e7a de lei ou contratual, ou uma exig\u00eancia necess\u00e1ria para celebrar um contrato.<\/p>\n\n\n\n<h3 class=\"wp-block-heading\">Mais informa\u00e7\u00f5es sobre o tempo de reten\u00e7\u00e3o<\/h3>\n\n\n\n<p>Salvo especifica\u00e7\u00e3o em contr\u00e1rio neste documento, os Dados Pessoais ser\u00e3o tratados e armazenados pelo tempo necess\u00e1rio para as finalidades para as quais foram coletados, e poder\u00e3o ser retidos por mais tempo em raz\u00e3o de qualquer obriga\u00e7\u00e3o legal aplic\u00e1vel ou com base no consentimento dos Usu\u00e1rios.<\/p>\n\n\n\n<p>Portanto:<\/p>\n\n\n\n<ul class=\"wp-block-list\">\n<li>Os Dados Pessoais coletados para as finalidades relacionadas com a execu\u00e7\u00e3o de um contrato entre o Propriet\u00e1rio e o Usu\u00e1rio ser\u00e3o conservados at\u00e9 que tal contrato tenha sido completamente cumprido.<\/li>\n\n\n\n<li>Os Dados Pessoais coletados para as finalidades relacionadas com os leg\u00edtimos interesses do Propriet\u00e1rio ser\u00e3o conservados pelo tempo que for necess\u00e1rio para cumprir tais finalidades. Os Usu\u00e1rios poder\u00e3o obter informa\u00e7\u00f5es espec\u00edficas sobre os interesses leg\u00edtimos perseguidos pelo Propriet\u00e1rio dentro das se\u00e7\u00f5es pertinentes deste documento ou entrando em contato com o Propriet\u00e1rio.<\/li>\n<\/ul>\n\n\n\n<p>O Propriet\u00e1rio poder\u00e1 ter a permiss\u00e3o de conservar os Dados Pessoais por um prazo maior sempre que o Usu\u00e1rio tiver dado a sua autoriza\u00e7\u00e3o para tal processamento, enquanto tal autoriza\u00e7\u00e3o n\u00e3o tiver sido retirada. Al\u00e9m disso, o Propriet\u00e1rio poder\u00e1 ficar obrigado a conservar os Dados Pessoais por um prazo maior sempre que necess\u00e1rio para o cumprimento de uma obriga\u00e7\u00e3o jur\u00eddica ou de um mandado de uma autoridade.<br><br>Assim que o prazo de conserva\u00e7\u00e3o vencer os Dados Pessoais ser\u00e3o apagados. Desta forma o direito de acessar, o direito de apagar, o direito de corrigir e o direito \u00e0 portabilidade dos dados n\u00e3o poder\u00e3o ter o seu cumprimento exigido ap\u00f3s o vencimento do prazo de conserva\u00e7\u00e3o.<\/p>\n\n\n\n<h3 class=\"wp-block-heading\" id=\"rights_subjects\">Os direitos dos Usu\u00e1rios com base no Regulamento Geral de Prote\u00e7\u00e3o de Dados (GDPR)<\/h3>\n\n\n\n<p>Os Usu\u00e1rios poder\u00e3o exercer determinados direitos a respeito dos seus Dados processados pelo Propriet\u00e1rio.<\/p>\n\n\n\n<p>Em especial, os Usu\u00e1rios possuem os direitos a fazer o seguinte, dentro dos limites permitidos por lei:<\/p>\n\n\n\n<ul class=\"wp-block-list\">\n<li><strong>Retirar a sua anu\u00eancia a qualquer momento.<\/strong> Os Usu\u00e1rios possuem o direito de retirar a sua anu\u00eancia nos casos em que tenham dado a sua anu\u00eancia anteriormente para o processamento dos seus Dados Pessoais.<\/li>\n\n\n\n<li><strong>Objetar o processamento dos seus Dados.<\/strong> Os Usu\u00e1rios possuem o direito de objetar o processamento dos seus Dados se o processamento for executado sobre outra base jur\u00eddica que n\u00e3o a anu\u00eancia.<\/li>\n\n\n\n<li><strong>Acessar os seus Dados.<\/strong> Os Usu\u00e1rios possuem o direito de saber se os seus Dados est\u00e3o sendo tratados pelo Propriet\u00e1rio, obter revela\u00e7\u00f5es sobre determinados aspectos do tratamento e conseguir uma c\u00f3pia dos Dados que estiverem sendo tratados.<\/li>\n\n\n\n<li><strong>Verificar e pedir retifica\u00e7\u00e3o.<\/strong> Os Usu\u00e1rios possuem o direito de verificar a exatid\u00e3o dos seus Dados e de pedir que os mesmos sejam atualizados ou corrigidos.<\/li>\n\n\n\n<li><strong>Restringir o processamento dos seus Dados.<\/strong> Os Usu\u00e1rios possuem o direito de restringir o processamento dos seus Dados para qualquer outra finalidade que n\u00e3o seja o armazenamento dos mesmos.<\/li>\n\n\n\n<li><strong>Ter os seus Dados Pessoais apagados ou retirados de outra maneira.<\/strong> Os Usu\u00e1rios possuem o direito de obter a elimina\u00e7\u00e3o dos seus Dados do Propriet\u00e1rio.<\/li>\n\n\n\n<li><strong>Receber os seus Dados e ter os mesmos transferidos para outro controlador.<\/strong> Os Usu\u00e1rios possuem o direito de receber os seus Dados em um formato estruturado, utilizado comumente e apto a ser lido por m\u00e1quinas e, se for vi\u00e1vel tecnicamente, fazer com que estes sejam transmitidos para outro controlador sem nenhum empecilho.<\/li>\n\n\n\n<li><strong>Registrar uma reclama\u00e7\u00e3o.<\/strong> Os Usu\u00e1rios possuem o direito de apresentar reclama\u00e7\u00e3o perante a sua autoridade de prote\u00e7\u00e3o de dados competente.<\/li>\n<\/ul>\n\n\n\n<p>Os Usu\u00e1rios tamb\u00e9m possuem o direito de serem informados sobre a base jur\u00eddica das transfer\u00eancias de Dados para o exterior, incluindo quaisquer organiza\u00e7\u00f5es internacionais regidas pelo direito internacional p\u00fablico ou formadas por dois ou mais pa\u00edses, como a ONU, e sobre as medidas de seguran\u00e7a tomadas pelo Propriet\u00e1rio para proteger seus Dados.<\/p>\n\n\n\n<h4 class=\"wp-block-heading\">Detalhes sobre o direito de objetar ao processamento<\/h4>\n\n\n\n<p><strong>Nos casos em que os Dados Pessoais forem processados por um interesse p\u00fablico, no exerc\u00edcio de uma autoriza\u00e7\u00e3o oficial na qual o Propriet\u00e1rio estiver investido ou para finalidades dos interesses leg\u00edtimos perseguidos pelo Propriet\u00e1rio, os Usu\u00e1rios poder\u00e3o objetar tal processamento atrav\u00e9s do fornecimento de um motivo relacionado com a sua situa\u00e7\u00e3o em especial para justificar a obje\u00e7\u00e3o.<\/strong><\/p>\n\n\n\n<p><strong>Os Usu\u00e1rios devem saber, entretanto, que caso os seus Dados Pessoais sejam processados para finalidades de marketing direto, eles podem objetar tal processamento a qualquer momento de forma gratuita e sem fornecer qualquer justificativa. Quando o Usu\u00e1rio se opuser ao processamento para fins de marketing direto, os Dados Pessoais n\u00e3o ser\u00e3o mais processados para esses fins. Para saber se o Propriet\u00e1rio est\u00e1 processando Dados Pessoais para fins de marketing direto, os Usu\u00e1rios podem consultar as se\u00e7\u00f5es respectivas deste documento.<\/strong><\/p>\n\n\n\n<h4 class=\"wp-block-heading\">Como exercer estes direitos<\/h4>\n\n\n\n<p>Quaisquer solicita\u00e7\u00f5es para exercer os direitos do Usu\u00e1rio podem ser encaminhadas ao Propriet\u00e1rio por meio dos detalhes de contato fornecidos neste documento. Tais pedidos s\u00e3o gratuitos e ser\u00e3o atendidos pelo Propriet\u00e1rio com a maior brevidade poss\u00edvel e sempre no prazo de um m\u00eas, fornecendo aos Usu\u00e1rios as informa\u00e7\u00f5es exigidas por lei. Qualquer retifica\u00e7\u00e3o ou exclus\u00e3o de Dados Pessoais ou restri\u00e7\u00e3o de processamento ser\u00e1 comunicada pelo Propriet\u00e1rio a cada destinat\u00e1rio, se houver, a quem os Dados Pessoais foram divulgados, a menos que isso seja imposs\u00edvel ou implique um trabalho desproporcional. A pedido dos Usu\u00e1rios, o Propriet\u00e1rio os informar\u00e1 sobre tais destinat\u00e1rios.<\/p>\n\n\n\n<h2 class=\"wp-block-heading\" id=\"further_data_processing_info\">Informa\u00e7\u00f5es adicionais sobre a coleta e processamento de Dados<\/h2>\n\n\n\n<h3 class=\"wp-block-heading\">A\u00e7\u00e3o jur\u00eddica<\/h3>\n\n\n\n<p>Os Dados Pessoais dos Usu\u00e1rios podem ser utilizados para fins jur\u00eddicos pelo Propriet\u00e1rio em ju\u00edzo ou nas etapas conducentes \u00e0 poss\u00edvel a\u00e7\u00e3o jur\u00eddica decorrente de uso indevido deste Servi\u00e7o (este Aplicativo) ou dos Servi\u00e7os relacionados.<br>O Usu\u00e1rio declara estar ciente de que o Propriet\u00e1rio poder\u00e1 ser obrigado a revelar os Dados Pessoais mediante solicita\u00e7\u00e3o das autoridades governamentais.<\/p>\n\n\n\n<h3 class=\"wp-block-heading\">Informa\u00e7\u00f5es adicionais sobre os Dados Pessoais do Usu\u00e1rio<\/h3>\n\n\n\n<p>Al\u00e9m das informa\u00e7\u00f5es contidas nesta pol\u00edtica de privacidade, este Aplicativo poder\u00e1 fornecer ao Usu\u00e1rio informa\u00e7\u00f5es adicionais e contextuais sobre os servi\u00e7os espec\u00edficos ou a coleta e processamento de Dados Pessoais mediante solicita\u00e7\u00e3o.<\/p>\n\n\n\n<h3 class=\"wp-block-heading\">Logs do sistema e manuten\u00e7\u00e3o<\/h3>\n\n\n\n<p>Para fins de opera\u00e7\u00e3o e manuten\u00e7\u00e3o, este Aplicativo e quaisquer servi\u00e7os de terceiros poder\u00e3o coletar arquivos que gravam a intera\u00e7\u00e3o com este Aplicativo (logs do sistema) ou usar outros Dados Pessoais (tais como endere\u00e7o IP) para esta finalidade.<\/p>\n\n\n\n<h3 class=\"wp-block-heading\">As informa\u00e7\u00f5es n\u00e3o contidas nesta pol\u00edtica<\/h3>\n\n\n\n<p>Mais detalhes sobre a coleta ou processamento de Dados Pessoais podem ser solicitados ao Propriet\u00e1rio, a qualquer momento. Favor ver as informa\u00e7\u00f5es de contato no in\u00edcio deste documento.<\/p>\n\n\n\n<h3 class=\"wp-block-heading\">Mudan\u00e7as nesta pol\u00edtica de privacidade<\/h3>\n\n\n\n<p>O Propriet\u00e1rio se reserva o direito de fazer altera\u00e7\u00f5es nesta pol\u00edtica de privacidade a qualquer momento, atrav\u00e9s de notifica\u00e7\u00e3o a seus Usu\u00e1rios nesta p\u00e1gina e possivelmente dentro deste Servi\u00e7o (este Aplicativo) e\/ou \u2013 na medida em que for t\u00e9cnica e juridicamente vi\u00e1vel \u2013 enviando um aviso para os Usu\u00e1rios atrav\u00e9s de quaisquer informa\u00e7\u00f5es de contato dispon\u00edveis para o Propriet\u00e1rio. \u00c9 altamente recomend\u00e1vel checar esta p\u00e1gina regularmente, consultando a data da \u00faltima modifica\u00e7\u00e3o informada na parte inferior.<br><br>Caso as mudan\u00e7as afetem as atividades de processamento realizadas com base na anu\u00eancia do Usu\u00e1rio, o Propriet\u00e1rio coletar\u00e1 nova anu\u00eancia do Usu\u00e1rio, onde for exigida.<\/p>\n\n\n\n<h3 class=\"wp-block-heading\" id=\"definitions_and_legal_references\">Defini\u00e7\u00f5es e refer\u00eancias jur\u00eddicas<\/h3>\n\n\n\n<h4 class=\"wp-block-heading\">Dados Pessoais (ou Dados)<\/h4>\n\n\n\n<p>Quaisquer informa\u00e7\u00f5es que diretamente, indiretamente ou em rela\u00e7\u00e3o com outras informa\u00e7\u00f5es \u2013 incluindo um n\u00famero de identifica\u00e7\u00e3o pessoal \u2013 permitam a identifica\u00e7\u00e3o ou identificabilidade de uma pessoa f\u00edsica.<\/p>\n\n\n\n<h4 class=\"wp-block-heading\">Dados de Uso<\/h4>\n\n\n\n<p>As informa\u00e7\u00f5es coletadas automaticamente atrav\u00e9s deste este Aplicativo (ou servi\u00e7os de terceiros contratados neste Servi\u00e7o (este Aplicativo)), que podem incluir: os endere\u00e7os IP ou nomes de dom\u00ednio dos computadores utilizados pelos Usu\u00e1rios que utilizam este Aplicativo, os endere\u00e7os URI (Identificador Uniforme de Recurso), a data e hora do pedido, o m\u00e9todo utilizado para submeter o pedido ao servidor, o tamanho do arquivo recebido em resposta, o c\u00f3digo num\u00e9rico que indica o status do servidor de resposta (resultado positivo, erro , etc.), o pa\u00eds de origem, as caracter\u00edsticas do navegador e do sistema operacional utilizado pelo Usu\u00e1rio, os v\u00e1rios detalhes de tempo por visita (por exemplo, o tempo gasto em cada p\u00e1gina dentro do aplicativo) e os detalhes sobre o caminho seguido dentro da aplica\u00e7\u00e3o, com especial refer\u00eancia \u00e0 sequ\u00eancia de p\u00e1ginas visitadas e outros par\u00e2metros sobre o sistema operacional do dispositivo e\/ou ambiente de TI do Usu\u00e1rio.<\/p>\n\n\n\n<h4 class=\"wp-block-heading\">Usu\u00e1rio<\/h4>\n\n\n\n<p>A pessoa que usa este Aplicativo que, a menos que especificado diferentemente, coincida com o Titular dos Dados.<\/p>\n\n\n\n<h4 class=\"wp-block-heading\">Titular dos Dados<\/h4>\n\n\n\n<p>A pessoa f\u00edsica a quem os Dados Pessoais se referem.<\/p>\n\n\n\n<h4 class=\"wp-block-heading\">Processador de Dados (ou Subcontratante)<\/h4>\n\n\n\n<p>A pessoa f\u00edsica ou jur\u00eddica, administra\u00e7\u00e3o p\u00fablica, ag\u00eancia ou outro \u00f3rg\u00e3o que processe os Dados Pessoais em nome do Controlador conforme descrito nesta pol\u00edtica de privacidade.<\/p>\n\n\n\n<h4 class=\"wp-block-heading\">Controlador de Dados (ou Propriet\u00e1rio)<\/h4>\n\n\n\n<p>A pessoa f\u00edsica ou jur\u00eddica, administra\u00e7\u00e3o p\u00fablica, ag\u00eancia ou outro \u00f3rg\u00e3o que, isoladamente ou em conjunto com outros determinar as finalidades e os meios de processamento dos Dados Pessoais, incluindo medidas de seguran\u00e7a relativas ao funcionamento e ao uso deste Servi\u00e7o (este Aplicativo). O Controlador de Dados, a menos que seja especificado de outra forma, \u00e9 o Propriet\u00e1rio deste Servi\u00e7o (este Aplicativo).<\/p>\n\n\n\n<h4 class=\"wp-block-heading\">Este Aplicativo<\/h4>\n\n\n\n<p>O meio pelo qual os Dados Pessoais do Usu\u00e1rio s\u00e3o coletados e processados.<\/p>\n\n\n\n<h4 class=\"wp-block-heading\">Servi\u00e7o<\/h4>\n\n\n\n<p>O servi\u00e7o fornecido por este Aplicativo conforme descrito nos termos relativos (se dispon\u00edveis) e neste site\/aplicativo.<\/p>\n\n\n\n<h4 class=\"wp-block-heading\">Uni\u00e3o Europeia (ou UE)<\/h4>\n\n\n\n<p>A menos que especificado diferentemente, todas as refer\u00eancias feitas neste documento \u00e0 Uni\u00e3o Europeia incluem todos os atuais estados membros da Uni\u00e3o Europeia e do Espa\u00e7o Econ\u00f4mico Europeu.<\/p>\n\n\n\n<hr class=\"wp-block-separator has-alpha-channel-opacity\"\/>\n\n\n\n<h4 class=\"wp-block-heading\">Informa\u00e7\u00e3o jur\u00eddica<\/h4>\n\n\n\n<p>Esta pol\u00edtica de privacidade se refere somente a este Aplicativo, se n\u00e3o afirmado diferentemente neste documento.<\/p>\n\n\n\n<p>\u00daltima atualiza\u00e7\u00e3o: 22 de outubro de 2024<\/p>\n","protected":false},"excerpt":{"rendered":"<p>Pol\u00edtica de Privacidade do servi\u00e7o expofica.com.br Para receber informa\u00e7\u00f5es sobre os seus dados pessoais, os prop\u00f3sitos e as partes de informa\u00e7\u00e3o que s\u00e3o compartilhadas, entre em<span class=\"excerpt-hellip\"> [\u2026]<\/span><\/p>\n","protected":false},"author":2,"featured_media":0,"parent":0,"menu_order":0,"comment_status":"closed","ping_status":"closed","template":"","meta":{"footnotes":""},"class_list":["post-1701","page","type-page","status-publish","hentry"],"_links":{"self":[{"href":"https:\/\/expofica.com.br\/index.php\/wp-json\/wp\/v2\/pages\/1701","targetHints":{"allow":["GET"]}}],"collection":[{"href":"https:\/\/expofica.com.br\/index.php\/wp-json\/wp\/v2\/pages"}],"about":[{"href":"https:\/\/expofica.com.br\/index.php\/wp-json\/wp\/v2\/types\/page"}],"author":[{"embeddable":true,"href":"https:\/\/expofica.com.br\/index.php\/wp-json\/wp\/v2\/users\/2"}],"replies":[{"embeddable":true,"href":"https:\/\/expofica.com.br\/index.php\/wp-json\/wp\/v2\/comments?post=1701"}],"version-history":[{"count":1,"href":"https:\/\/expofica.com.br\/index.php\/wp-json\/wp\/v2\/pages\/1701\/revisions"}],"predecessor-version":[{"id":2203,"href":"https:\/\/expofica.com.br\/index.php\/wp-json\/wp\/v2\/pages\/1701\/revisions\/2203"}],"wp:attachment":[{"href":"https:\/\/expofica.com.br\/index.php\/wp-json\/wp\/v2\/media?parent=1701"}],"curies":[{"name":"wp","href":"https:\/\/api.w.org\/{rel}","templated":true}]}}